{"id":86,"date":"2022-05-16T23:54:10","date_gmt":"2022-05-16T21:54:10","guid":{"rendered":"https:\/\/www.teamjuju.fr\/?page_id=86"},"modified":"2022-06-07T10:52:56","modified_gmt":"2022-06-07T08:52:56","slug":"record","status":"publish","type":"page","link":"https:\/\/www.teamjuju.fr\/index.php\/record\/","title":{"rendered":"Le record"},"content":{"rendered":"\t\t<div data-elementor-type=\"wp-post\" data-elementor-id=\"86\" class=\"elementor elementor-86\">\n\t\t\t\t<div class=\"elementor-element elementor-element-df40660 e-flex e-con-boxed e-con e-parent\" data-id=\"df40660\" data-element_type=\"container\" data-e-type=\"container\">\n\t\t\t\t\t<div class=\"e-con-inner\">\n\t\t\t\t<div class=\"elementor-element elementor-element-2bbf79a elementor-widget elementor-widget-heading\" data-id=\"2bbf79a\" data-element_type=\"widget\" data-e-type=\"widget\" data-widget_type=\"heading.default\">\n\t\t\t\t<div class=\"elementor-widget-container\">\n\t\t\t\t\t<h1 class=\"elementor-heading-title elementor-size-default\">LE RECORD !<\/h1>\t\t\t\t<\/div>\n\t\t\t\t<\/div>\n\t\t<div class=\"elementor-element elementor-element-a57bf70 e-flex e-con-boxed e-con e-parent\" data-id=\"a57bf70\" data-element_type=\"container\" data-e-type=\"container\">\n\t\t\t\t\t<div class=\"e-con-inner\">\n\t\t<div class=\"elementor-element elementor-element-901a2a4 e-flex e-con-boxed e-con e-parent\" data-id=\"901a2a4\" data-element_type=\"container\" data-e-type=\"container\">\n\t\t\t\t\t<div class=\"e-con-inner\">\n\t\t\t\t<div class=\"elementor-element elementor-element-e65580f elementor-widget elementor-widget-image\" data-id=\"e65580f\" data-element_type=\"widget\" data-e-type=\"widget\" data-widget_type=\"image.default\">\n\t\t\t\t<div class=\"elementor-widget-container\">\n\t\t\t\t\t\t\t\t\t\t\t\t\t\t\t\t<a href=\"https:\/\/www.teamjuju.fr\/\">\n\t\t\t\t\t\t\t<img decoding=\"async\" src=\"https:\/\/www.teamjuju.fr\/wp-content\/uploads\/elementor\/thumbs\/kisspng-computer-icons-home-page-button-clip-art-5ae3dde1370db3.8041623915248829132255-ppffpr0ngkuwldbdtbga0y405w6syehdqkfw9i73s8.png\" title=\"Retour Accueil\" alt=\"Retour Accueil\" loading=\"lazy\" \/>\t\t\t\t\t\t\t\t<\/a>\n\t\t\t\t\t\t\t\t\t\t\t\t\t\t\t<\/div>\n\t\t\t\t<\/div>\n\t\t\t\t\t<\/div>\n\t\t\t\t<\/div>\n\t\t\t\t\t<\/div>\n\t\t\t\t<\/div>\n\t\t\t\t\t<\/div>\n\t\t\t\t<\/div>\n\t\t<div class=\"elementor-element elementor-element-9a78887 e-flex e-con-boxed e-con e-parent\" data-id=\"9a78887\" data-element_type=\"container\" data-e-type=\"container\">\n\t\t\t\t\t<div class=\"e-con-inner\">\n\t\t\t\t<div class=\"elementor-element elementor-element-eb7ff48 elementor-widget elementor-widget-spacer\" data-id=\"eb7ff48\" data-element_type=\"widget\" data-e-type=\"widget\" data-widget_type=\"spacer.default\">\n\t\t\t\t<div class=\"elementor-widget-container\">\n\t\t\t\t\t\t\t<div class=\"elementor-spacer\">\n\t\t\t<div class=\"elementor-spacer-inner\"><\/div>\n\t\t<\/div>\n\t\t\t\t\t\t<\/div>\n\t\t\t\t<\/div>\n\t\t\t\t<div class=\"elementor-element elementor-element-8c00356 elementor-widget elementor-widget-spacer\" data-id=\"8c00356\" data-element_type=\"widget\" data-e-type=\"widget\" data-widget_type=\"spacer.default\">\n\t\t\t\t<div class=\"elementor-widget-container\">\n\t\t\t\t\t\t\t<div class=\"elementor-spacer\">\n\t\t\t<div class=\"elementor-spacer-inner\"><\/div>\n\t\t<\/div>\n\t\t\t\t\t\t<\/div>\n\t\t\t\t<\/div>\n\t\t\t\t<div class=\"elementor-element elementor-element-4a71a0b elementor-widget elementor-widget-text-editor\" data-id=\"4a71a0b\" data-element_type=\"widget\" data-e-type=\"widget\" data-widget_type=\"text-editor.default\">\n\t\t\t\t<div class=\"elementor-widget-container\">\n\t\t\t\t\t\t\t\t\t<p><span style=\"font-family: var(--list--font-family); text-align: var(--text-align); background-color: var( --e-global-color-c696dce ); color: var(--global--color-primary); font-size: var(--global--font-size-base); word-spacing: 0em;\">D\u00e9couvrez le circuit que va devoir emprunter la Joelette pendant 24h00<\/span><br><span style=\"font-family: var(--list--font-family); text-align: var(--text-align); background-color: var( --e-global-color-c696dce ); color: var(--global--color-primary); font-size: var(--global--font-size-base); word-spacing: 0em;\">D\u00e9part sur le parking de Savoiexpo, le tour du phare !<\/span><br><span style=\"font-family: var(--list--font-family); text-align: var(--text-align); background-color: var( --e-global-color-c696dce ); color: var(--global--color-primary); font-size: var(--global--font-size-base); word-spacing: 0em;\">Objectif : battre le record du monde qui est aujourd&rsquo;hui de 264 Kms&nbsp;<\/span><\/p>\n<p><span style=\"font-family: var(--list--font-family); text-align: var(--text-align); background-color: var( --e-global-color-c696dce ); color: var(--global--color-primary); font-size: var(--global--font-size-base); word-spacing: 0em;\">D\u00e9part Samedi 25 Juin \u00e0 11h00<\/span><br><span style=\"font-family: var(--list--font-family); text-align: var(--text-align); background-color: var( --e-global-color-c696dce ); color: var(--global--color-primary); font-size: var(--global--font-size-base); word-spacing: 0em;\">Arriv\u00e9e Dimanche 26 Juin \u00e0 11h00<\/span><\/p>\n<p><span style=\"font-family: var(--list--font-family); text-align: var(--text-align); background-color: var( --e-global-color-c696dce ); color: var(--global--color-primary); font-size: var(--global--font-size-base); word-spacing: 0em;\">Nombreuses animations sur place (FoodTruck, Buvette, Concerts, jeux pour enfants&#8230;)<\/span><\/p>\t\t\t\t\t\t\t\t<\/div>\n\t\t\t\t<\/div>\n\t\t\t\t\t<\/div>\n\t\t\t\t<\/div>\n\t\t<div class=\"elementor-element elementor-element-4bdd03e e-flex e-con-boxed e-con e-parent\" data-id=\"4bdd03e\" data-element_type=\"container\" data-e-type=\"container\">\n\t\t\t\t\t<div class=\"e-con-inner\">\n\t\t\t\t<div class=\"elementor-element elementor-element-9c437f7 elementor-widget elementor-widget-image\" data-id=\"9c437f7\" data-element_type=\"widget\" data-e-type=\"widget\" data-widget_type=\"image.default\">\n\t\t\t\t<div class=\"elementor-widget-container\">\n\t\t\t\t\t\t\t\t\t\t\t\t\t\t\t<img decoding=\"async\" width=\"300\" height=\"110\" src=\"https:\/\/www.teamjuju.fr\/wp-content\/uploads\/2022\/05\/savoie-expo-300x110.png\" class=\"attachment-medium size-medium wp-image-258\" alt=\"savoie-expo\" srcset=\"https:\/\/www.teamjuju.fr\/wp-content\/uploads\/2022\/05\/savoie-expo-300x110.png 300w, https:\/\/www.teamjuju.fr\/wp-content\/uploads\/2022\/05\/savoie-expo.png 384w\" sizes=\"(max-width: 300px) 100vw, 300px\" style=\"width:100%;height:36.72%;max-width:384px\" \/>\t\t\t\t\t\t\t\t\t\t\t\t\t\t\t<\/div>\n\t\t\t\t<\/div>\n\t\t\t\t<div class=\"elementor-element elementor-element-cb5f0b2 elementor-widget elementor-widget-image\" data-id=\"cb5f0b2\" data-element_type=\"widget\" data-e-type=\"widget\" data-widget_type=\"image.default\">\n\t\t\t\t<div class=\"elementor-widget-container\">\n\t\t\t\t\t\t\t\t\t\t\t\t\t\t\t<img fetchpriority=\"high\" decoding=\"async\" width=\"750\" height=\"722\" src=\"https:\/\/www.teamjuju.fr\/wp-content\/uploads\/2022\/05\/plan-wr-joelette.jpg\" class=\"attachment-large size-large wp-image-459\" alt=\"plan-wr-joelette\" srcset=\"https:\/\/www.teamjuju.fr\/wp-content\/uploads\/2022\/05\/plan-wr-joelette.jpg 946w, https:\/\/www.teamjuju.fr\/wp-content\/uploads\/2022\/05\/plan-wr-joelette-300x289.jpg 300w, https:\/\/www.teamjuju.fr\/wp-content\/uploads\/2022\/05\/plan-wr-joelette-768x740.jpg 768w\" sizes=\"(max-width: 750px) 100vw, 750px\" style=\"width:100%;height:96.3%;max-width:946px\" \/>\t\t\t\t\t\t\t\t\t\t\t\t\t\t\t<\/div>\n\t\t\t\t<\/div>\n\t\t\t\t\t<\/div>\n\t\t\t\t<\/div>\n\t\t<div class=\"elementor-element elementor-element-b3600f9 e-flex e-con-boxed e-con e-parent\" data-id=\"b3600f9\" data-element_type=\"container\" data-e-type=\"container\">\n\t\t\t\t\t<div class=\"e-con-inner\">\n\t\t\t\t<div class=\"elementor-element elementor-element-4ce59d4 elementor-widget elementor-widget-image\" data-id=\"4ce59d4\" data-element_type=\"widget\" data-e-type=\"widget\" data-widget_type=\"image.default\">\n\t\t\t\t<div class=\"elementor-widget-container\">\n\t\t\t\t\t\t\t\t\t\t\t\t\t\t\t<img decoding=\"async\" src=\"https:\/\/www.teamjuju.fr\/wp-content\/uploads\/elementor\/thumbs\/kisspng-computer-icons-home-page-button-clip-art-5ae3dde1370db3.8041623915248829132255-ppffpr0ngkuwldbdtbga0y405w6syehdqkfw9i73s8.png\" title=\"Retour Accueil\" alt=\"Retour Accueil\" loading=\"lazy\" \/>\t\t\t\t\t\t\t\t\t\t\t\t\t\t\t<\/div>\n\t\t\t\t<\/div>\n\t\t\t\t\t<\/div>\n\t\t\t\t<\/div>\n\t\t<div class=\"elementor-element elementor-element-f4fac42 e-flex e-con-boxed e-con e-parent\" data-id=\"f4fac42\" data-element_type=\"container\" data-e-type=\"container\">\n\t\t\t\t\t<div class=\"e-con-inner\">\n\t\t\t\t<div class=\"elementor-element elementor-element-d398fb1 elementor-widget elementor-widget-image\" data-id=\"d398fb1\" data-element_type=\"widget\" data-e-type=\"widget\" data-widget_type=\"image.default\">\n\t\t\t\t<div class=\"elementor-widget-container\">\n\t\t\t\t\t\t\t\t\t\t\t\t\t\t\t<img decoding=\"async\" width=\"750\" height=\"422\" src=\"https:\/\/www.teamjuju.fr\/wp-content\/uploads\/2022\/06\/Programme-2-1024x576.png\" class=\"attachment-large size-large wp-image-527\" alt=\"\" srcset=\"https:\/\/www.teamjuju.fr\/wp-content\/uploads\/2022\/06\/Programme-2-1024x576.png 1024w, https:\/\/www.teamjuju.fr\/wp-content\/uploads\/2022\/06\/Programme-2-300x169.png 300w, https:\/\/www.teamjuju.fr\/wp-content\/uploads\/2022\/06\/Programme-2-768x432.png 768w, https:\/\/www.teamjuju.fr\/wp-content\/uploads\/2022\/06\/Programme-2.png 1080w\" sizes=\"(max-width: 750px) 100vw, 750px\" style=\"width:100%;height:56.3%;max-width:1080px\" \/>\t\t\t\t\t\t\t\t\t\t\t\t\t\t\t<\/div>\n\t\t\t\t<\/div>\n\t\t\t\t\t<\/div>\n\t\t\t\t<\/div>\n\t\t\t\t<\/div>\n\t\t","protected":false},"excerpt":{"rendered":"<p>LE RECORD ! D\u00e9couvrez le circuit que va devoir emprunter la Joelette pendant 24h00D\u00e9part sur le parking de Savoiexpo, le tour du phare !Objectif : battre le record du monde qui est aujourd&rsquo;hui de 264 Kms&nbsp; D\u00e9part Samedi 25 Juin \u00e0 11h00Arriv\u00e9e Dimanche 26 Juin \u00e0 11h00 Nombreuses animations sur place (FoodTruck, Buvette, Concerts, jeux&hellip; <a class=\"more-link\" href=\"https:\/\/www.teamjuju.fr\/index.php\/record\/\">Poursuivre la lecture <span class=\"screen-reader-text\">Le record<\/span><\/a><\/p>\n","protected":false},"author":1,"featured_media":0,"parent":0,"menu_order":0,"comment_status":"closed","ping_status":"closed","template":"elementor_canvas","meta":{"footnotes":""},"class_list":["post-86","page","type-page","status-publish","hentry","entry"],"_links":{"self":[{"href":"https:\/\/www.teamjuju.fr\/index.php\/wp-json\/wp\/v2\/pages\/86","targetHints":{"allow":["GET"]}}],"collection":[{"href":"https:\/\/www.teamjuju.fr\/index.php\/wp-json\/wp\/v2\/pages"}],"about":[{"href":"https:\/\/www.teamjuju.fr\/index.php\/wp-json\/wp\/v2\/types\/page"}],"author":[{"embeddable":true,"href":"https:\/\/www.teamjuju.fr\/index.php\/wp-json\/wp\/v2\/users\/1"}],"replies":[{"embeddable":true,"href":"https:\/\/www.teamjuju.fr\/index.php\/wp-json\/wp\/v2\/comments?post=86"}],"version-history":[{"count":36,"href":"https:\/\/www.teamjuju.fr\/index.php\/wp-json\/wp\/v2\/pages\/86\/revisions"}],"predecessor-version":[{"id":530,"href":"https:\/\/www.teamjuju.fr\/index.php\/wp-json\/wp\/v2\/pages\/86\/revisions\/530"}],"wp:attachment":[{"href":"https:\/\/www.teamjuju.fr\/index.php\/wp-json\/wp\/v2\/media?parent=86"}],"curies":[{"name":"wp","href":"https:\/\/api.w.org\/{rel}","templated":true}]}}