{"id":306,"date":"2022-05-27T12:45:28","date_gmt":"2022-05-27T10:45:28","guid":{"rendered":"https:\/\/www.teamjuju.fr\/?page_id=306"},"modified":"2022-05-28T10:34:29","modified_gmt":"2022-05-28T08:34:29","slug":"la-joelette","status":"publish","type":"page","link":"https:\/\/www.teamjuju.fr\/index.php\/la-joelette\/","title":{"rendered":"la-joelette"},"content":{"rendered":"\t\t<div data-elementor-type=\"wp-page\" data-elementor-id=\"306\" class=\"elementor elementor-306\">\n\t\t\t\t<div class=\"elementor-element elementor-element-8aec7e0 e-flex e-con-boxed e-con e-parent\" data-id=\"8aec7e0\" data-element_type=\"container\" data-e-type=\"container\">\n\t\t\t\t\t<div class=\"e-con-inner\">\n\t\t\t\t<div class=\"elementor-element elementor-element-60869cd elementor-widget elementor-widget-heading\" data-id=\"60869cd\" data-element_type=\"widget\" data-e-type=\"widget\" data-widget_type=\"heading.default\">\n\t\t\t\t<div class=\"elementor-widget-container\">\n\t\t\t\t\t<h1 class=\"elementor-heading-title elementor-size-default\">LA JOELETTE<\/h1>\t\t\t\t<\/div>\n\t\t\t\t<\/div>\n\t\t\t\t\t<\/div>\n\t\t\t\t<\/div>\n\t\t<div class=\"elementor-element elementor-element-5e760c5 e-flex e-con-boxed e-con e-parent\" data-id=\"5e760c5\" data-element_type=\"container\" data-e-type=\"container\">\n\t\t\t\t\t<div class=\"e-con-inner\">\n\t\t\t\t<div class=\"elementor-element elementor-element-39a3f6a elementor-widget elementor-widget-image\" data-id=\"39a3f6a\" data-element_type=\"widget\" data-e-type=\"widget\" data-widget_type=\"image.default\">\n\t\t\t\t<div class=\"elementor-widget-container\">\n\t\t\t\t\t\t\t\t\t\t\t\t\t\t\t\t<a href=\"https:\/\/www.teamjuju.fr\/\">\n\t\t\t\t\t\t\t<img decoding=\"async\" src=\"https:\/\/www.teamjuju.fr\/wp-content\/uploads\/elementor\/thumbs\/kisspng-computer-icons-home-page-button-clip-art-5ae3dde1370db3.8041623915248829132255-ppffpr0ngkuwldbdtbga0y405w6syehdqkfw9i73s8.png\" title=\"Retour Accueil\" alt=\"Retour Accueil\" loading=\"lazy\" \/>\t\t\t\t\t\t\t\t<\/a>\n\t\t\t\t\t\t\t\t\t\t\t\t\t\t\t<\/div>\n\t\t\t\t<\/div>\n\t\t\t\t\t<\/div>\n\t\t\t\t<\/div>\n\t\t<div class=\"elementor-element elementor-element-ba4d815 e-flex e-con-boxed e-con e-parent\" data-id=\"ba4d815\" data-element_type=\"container\" data-e-type=\"container\">\n\t\t\t\t\t<div class=\"e-con-inner\">\n\t\t\t\t<div class=\"elementor-element elementor-element-1e262c5 elementor-widget elementor-widget-image\" data-id=\"1e262c5\" data-element_type=\"widget\" data-e-type=\"widget\" data-widget_type=\"image.default\">\n\t\t\t\t<div class=\"elementor-widget-container\">\n\t\t\t\t\t\t\t\t\t\t\t\t\t\t\t<img decoding=\"async\" src=\"https:\/\/www.teamjuju.fr\/wp-content\/uploads\/elementor\/thumbs\/joelette-juju-pph0w1410mcd0aapyn0eusxjj7jotkx5k5wdihlj74.jpg\" title=\"joelette-juju\" alt=\"joelette-juju\" loading=\"lazy\" \/>\t\t\t\t\t\t\t\t\t\t\t\t\t\t\t<\/div>\n\t\t\t\t<\/div>\n\t\t\t\t\t<\/div>\n\t\t\t\t<\/div>\n\t\t<div class=\"elementor-element elementor-element-e4f992a e-flex e-con-boxed e-con e-parent\" data-id=\"e4f992a\" data-element_type=\"container\" data-e-type=\"container\">\n\t\t\t\t\t<div class=\"e-con-inner\">\n\t\t\t\t<div class=\"elementor-element elementor-element-748761e elementor-widget elementor-widget-text-editor\" data-id=\"748761e\" data-element_type=\"widget\" data-e-type=\"widget\" data-widget_type=\"text-editor.default\">\n\t\t\t\t<div class=\"elementor-widget-container\">\n\t\t\t\t\t\t\t\t\t<p>La Jo\u00eblette TWIN double roue, pour la pratique de la randonn\u00e9e ou de la course sur terrains carrossables avec peu de d\u00e9vers.<\/p><p>plus d&rsquo;infos sur :\u00a0<a style=\"font-size: var(--global--font-size-base); word-spacing: 0em; font-family: var(--global--font-secondary); background-color: #ffffff;\" href=\"https:\/\/www.joeletteandco.com\/produits\/joelette-fauteuil-randonnee\/joelette-twin-double-roue\/\" target=\"_blank\" rel=\"noopener\">https:\/\/www.joeletteandco.com\/<\/a><\/p>\t\t\t\t\t\t\t\t<\/div>\n\t\t\t\t<\/div>\n\t\t\t\t\t<\/div>\n\t\t\t\t<\/div>\n\t\t\t\t<\/div>\n\t\t","protected":false},"excerpt":{"rendered":"<p>LA JOELETTE La Jo\u00eblette TWIN double roue, pour la pratique de la randonn\u00e9e ou de la course sur terrains carrossables avec peu de d\u00e9vers. plus d&rsquo;infos sur :\u00a0https:\/\/www.joeletteandco.com\/<\/p>\n","protected":false},"author":1,"featured_media":0,"parent":0,"menu_order":0,"comment_status":"closed","ping_status":"closed","template":"elementor_canvas","meta":{"footnotes":""},"class_list":["post-306","page","type-page","status-publish","hentry","entry"],"_links":{"self":[{"href":"https:\/\/www.teamjuju.fr\/index.php\/wp-json\/wp\/v2\/pages\/306","targetHints":{"allow":["GET"]}}],"collection":[{"href":"https:\/\/www.teamjuju.fr\/index.php\/wp-json\/wp\/v2\/pages"}],"about":[{"href":"https:\/\/www.teamjuju.fr\/index.php\/wp-json\/wp\/v2\/types\/page"}],"author":[{"embeddable":true,"href":"https:\/\/www.teamjuju.fr\/index.php\/wp-json\/wp\/v2\/users\/1"}],"replies":[{"embeddable":true,"href":"https:\/\/www.teamjuju.fr\/index.php\/wp-json\/wp\/v2\/comments?post=306"}],"version-history":[{"count":26,"href":"https:\/\/www.teamjuju.fr\/index.php\/wp-json\/wp\/v2\/pages\/306\/revisions"}],"predecessor-version":[{"id":509,"href":"https:\/\/www.teamjuju.fr\/index.php\/wp-json\/wp\/v2\/pages\/306\/revisions\/509"}],"wp:attachment":[{"href":"https:\/\/www.teamjuju.fr\/index.php\/wp-json\/wp\/v2\/media?parent=306"}],"curies":[{"name":"wp","href":"https:\/\/api.w.org\/{rel}","templated":true}]}}